{"id":1287,"date":"2024-03-22T12:04:21","date_gmt":"2024-03-22T11:04:21","guid":{"rendered":"https:\/\/szablon.nfhotel.usermd.net\/?page_id=1287"},"modified":"2025-04-03T09:00:05","modified_gmt":"2025-04-03T07:00:05","slug":"galeria","status":"publish","type":"page","link":"https:\/\/malezywczanskie.com\/de\/galeria\/","title":{"rendered":"Galerie"},"content":{"rendered":"","protected":false},"excerpt":{"rendered":"","protected":false},"author":3,"featured_media":1359,"parent":0,"menu_order":0,"comment_status":"closed","ping_status":"closed","template":"","meta":{"_acf_changed":false,"footnotes":""},"class_list":["post-1287","page","type-page","status-publish","has-post-thumbnail","hentry"],"acf":[],"yoast_head":"<!-- This site is optimized with the Yoast SEO plugin v24.7 - https:\/\/yoast.com\/wordpress\/plugins\/seo\/ -->\n<title>Ma\u0142e \u017bywcza\u0144skie - Luksusowe apartamenty w centrum Zakopanego<\/title>\n<meta name=\"robots\" content=\"index, follow, max-snippet:-1, max-image-preview:large, max-video-preview:-1\" \/>\n<link rel=\"canonical\" href=\"https:\/\/malezywczanskie.com\/de\/galeria\/\" \/>\n<meta property=\"og:locale\" content=\"de_DE\" \/>\n<meta property=\"og:type\" content=\"article\" \/>\n<meta property=\"og:title\" content=\"Ma\u0142e \u017bywcza\u0144skie - Luksusowe apartamenty w centrum Zakopanego\" \/>\n<meta property=\"og:url\" content=\"https:\/\/malezywczanskie.com\/de\/galeria\/\" \/>\n<meta property=\"og:site_name\" content=\"Ma\u0142e \u017bywcza\u0144skie\" \/>\n<meta property=\"article:publisher\" content=\"https:\/\/www.facebook.com\/riverseaapartamenty\" \/>\n<meta property=\"article:modified_time\" content=\"2025-04-03T07:00:05+00:00\" \/>\n<meta property=\"og:image\" content=\"https:\/\/malezywczanskie.com\/wp-content\/uploads\/2025\/04\/003_Zakopane_Male-Zywczanskie_fot.Michal-Zieba.jpg\" \/>\n\t<meta property=\"og:image:width\" content=\"2500\" \/>\n\t<meta property=\"og:image:height\" content=\"1842\" \/>\n\t<meta property=\"og:image:type\" content=\"image\/jpeg\" \/>\n<meta name=\"twitter:card\" content=\"summary_large_image\" \/>\n<meta name=\"twitter:label1\" content=\"Gesch\u00e4tzte Lesezeit\" \/>\n\t<meta name=\"twitter:data1\" content=\"1\u00a0Minute\" \/>\n<script type=\"application\/ld+json\" class=\"yoast-schema-graph\">{\"@context\":\"https:\/\/schema.org\",\"@graph\":[{\"@type\":\"WebPage\",\"@id\":\"https:\/\/malezywczanskie.com\/galeria\/\",\"url\":\"https:\/\/malezywczanskie.com\/galeria\/\",\"name\":\"Ma\u0142e \u017bywcza\u0144skie - Luksusowe apartamenty w centrum Zakopanego\",\"isPartOf\":{\"@id\":\"https:\/\/malezywczanskie.com\/#website\"},\"primaryImageOfPage\":{\"@id\":\"https:\/\/malezywczanskie.com\/galeria\/#primaryimage\"},\"image\":{\"@id\":\"https:\/\/malezywczanskie.com\/galeria\/#primaryimage\"},\"thumbnailUrl\":\"https:\/\/malezywczanskie.com\/wp-content\/uploads\/2025\/04\/003_Zakopane_Male-Zywczanskie_fot.Michal-Zieba.jpg\",\"datePublished\":\"2024-03-22T11:04:21+00:00\",\"dateModified\":\"2025-04-03T07:00:05+00:00\",\"breadcrumb\":{\"@id\":\"https:\/\/malezywczanskie.com\/galeria\/#breadcrumb\"},\"inLanguage\":\"de\",\"potentialAction\":[{\"@type\":\"ReadAction\",\"target\":[\"https:\/\/malezywczanskie.com\/galeria\/\"]}]},{\"@type\":\"ImageObject\",\"inLanguage\":\"de\",\"@id\":\"https:\/\/malezywczanskie.com\/galeria\/#primaryimage\",\"url\":\"https:\/\/malezywczanskie.com\/wp-content\/uploads\/2025\/04\/003_Zakopane_Male-Zywczanskie_fot.Michal-Zieba.jpg\",\"contentUrl\":\"https:\/\/malezywczanskie.com\/wp-content\/uploads\/2025\/04\/003_Zakopane_Male-Zywczanskie_fot.Michal-Zieba.jpg\",\"width\":2500,\"height\":1842},{\"@type\":\"BreadcrumbList\",\"@id\":\"https:\/\/malezywczanskie.com\/galeria\/#breadcrumb\",\"itemListElement\":[{\"@type\":\"ListItem\",\"position\":1,\"name\":\"Strona g\u0142\u00f3wna\",\"item\":\"https:\/\/malezywczanskie.com\/\"},{\"@type\":\"ListItem\",\"position\":2,\"name\":\"Galeria\"}]},{\"@type\":\"WebSite\",\"@id\":\"https:\/\/malezywczanskie.com\/#website\",\"url\":\"https:\/\/malezywczanskie.com\/\",\"name\":\"Ma\u0142e \u017bywcza\u0144skie\",\"description\":\"Luksusowe apartamenty w centrum Zakopanego\",\"publisher\":{\"@id\":\"https:\/\/malezywczanskie.com\/#organization\"},\"potentialAction\":[{\"@type\":\"SearchAction\",\"target\":{\"@type\":\"EntryPoint\",\"urlTemplate\":\"https:\/\/malezywczanskie.com\/?s={search_term_string}\"},\"query-input\":{\"@type\":\"PropertyValueSpecification\",\"valueRequired\":true,\"valueName\":\"search_term_string\"}}],\"inLanguage\":\"de\"},{\"@type\":\"Organization\",\"@id\":\"https:\/\/malezywczanskie.com\/#organization\",\"name\":\"Ma\u0142e \u017bywcza\u0144skie\",\"url\":\"https:\/\/malezywczanskie.com\/\",\"logo\":{\"@type\":\"ImageObject\",\"inLanguage\":\"de\",\"@id\":\"https:\/\/malezywczanskie.com\/#\/schema\/logo\/image\/\",\"url\":\"https:\/\/szablon.nfhotel.usermd.net\/wp-content\/uploads\/2022\/10\/Logo-River-Sea.png\",\"contentUrl\":\"https:\/\/szablon.nfhotel.usermd.net\/wp-content\/uploads\/2022\/10\/Logo-River-Sea.png\",\"width\":256,\"height\":154,\"caption\":\"Ma\u0142e \u017bywcza\u0144skie\"},\"image\":{\"@id\":\"https:\/\/malezywczanskie.com\/#\/schema\/logo\/image\/\"},\"sameAs\":[\"https:\/\/www.facebook.com\/riverseaapartamenty\"]}]}<\/script>\n<!-- \/ Yoast SEO plugin. -->","yoast_head_json":{"title":"Ma\u0142e \u017bywcza\u0144skie - Luksusowe apartamenty w centrum Zakopanego","robots":{"index":"index","follow":"follow","max-snippet":"max-snippet:-1","max-image-preview":"max-image-preview:large","max-video-preview":"max-video-preview:-1"},"canonical":"https:\/\/malezywczanskie.com\/de\/galeria\/","og_locale":"de_DE","og_type":"article","og_title":"Ma\u0142e \u017bywcza\u0144skie - Luksusowe apartamenty w centrum Zakopanego","og_url":"https:\/\/malezywczanskie.com\/de\/galeria\/","og_site_name":"Ma\u0142e \u017bywcza\u0144skie","article_publisher":"https:\/\/www.facebook.com\/riverseaapartamenty","article_modified_time":"2025-04-03T07:00:05+00:00","og_image":[{"width":2500,"height":1842,"url":"https:\/\/malezywczanskie.com\/wp-content\/uploads\/2025\/04\/003_Zakopane_Male-Zywczanskie_fot.Michal-Zieba.jpg","type":"image\/jpeg"}],"twitter_card":"summary_large_image","twitter_misc":{"Gesch\u00e4tzte Lesezeit":"1\u00a0Minute"},"schema":{"@context":"https:\/\/schema.org","@graph":[{"@type":"WebPage","@id":"https:\/\/malezywczanskie.com\/galeria\/","url":"https:\/\/malezywczanskie.com\/galeria\/","name":"Ma\u0142e \u017bywcza\u0144skie - Luksusowe apartamenty w centrum Zakopanego","isPartOf":{"@id":"https:\/\/malezywczanskie.com\/#website"},"primaryImageOfPage":{"@id":"https:\/\/malezywczanskie.com\/galeria\/#primaryimage"},"image":{"@id":"https:\/\/malezywczanskie.com\/galeria\/#primaryimage"},"thumbnailUrl":"https:\/\/malezywczanskie.com\/wp-content\/uploads\/2025\/04\/003_Zakopane_Male-Zywczanskie_fot.Michal-Zieba.jpg","datePublished":"2024-03-22T11:04:21+00:00","dateModified":"2025-04-03T07:00:05+00:00","breadcrumb":{"@id":"https:\/\/malezywczanskie.com\/galeria\/#breadcrumb"},"inLanguage":"de","potentialAction":[{"@type":"ReadAction","target":["https:\/\/malezywczanskie.com\/galeria\/"]}]},{"@type":"ImageObject","inLanguage":"de","@id":"https:\/\/malezywczanskie.com\/galeria\/#primaryimage","url":"https:\/\/malezywczanskie.com\/wp-content\/uploads\/2025\/04\/003_Zakopane_Male-Zywczanskie_fot.Michal-Zieba.jpg","contentUrl":"https:\/\/malezywczanskie.com\/wp-content\/uploads\/2025\/04\/003_Zakopane_Male-Zywczanskie_fot.Michal-Zieba.jpg","width":2500,"height":1842},{"@type":"BreadcrumbList","@id":"https:\/\/malezywczanskie.com\/galeria\/#breadcrumb","itemListElement":[{"@type":"ListItem","position":1,"name":"Strona g\u0142\u00f3wna","item":"https:\/\/malezywczanskie.com\/"},{"@type":"ListItem","position":2,"name":"Galeria"}]},{"@type":"WebSite","@id":"https:\/\/malezywczanskie.com\/#website","url":"https:\/\/malezywczanskie.com\/","name":"Ma\u0142e \u017bywcza\u0144skie","description":"Luksusowe apartamenty w centrum Zakopanego","publisher":{"@id":"https:\/\/malezywczanskie.com\/#organization"},"potentialAction":[{"@type":"SearchAction","target":{"@type":"EntryPoint","urlTemplate":"https:\/\/malezywczanskie.com\/?s={search_term_string}"},"query-input":{"@type":"PropertyValueSpecification","valueRequired":true,"valueName":"search_term_string"}}],"inLanguage":"de"},{"@type":"Organization","@id":"https:\/\/malezywczanskie.com\/#organization","name":"Ma\u0142e \u017bywcza\u0144skie","url":"https:\/\/malezywczanskie.com\/","logo":{"@type":"ImageObject","inLanguage":"de","@id":"https:\/\/malezywczanskie.com\/#\/schema\/logo\/image\/","url":"https:\/\/szablon.nfhotel.usermd.net\/wp-content\/uploads\/2022\/10\/Logo-River-Sea.png","contentUrl":"https:\/\/szablon.nfhotel.usermd.net\/wp-content\/uploads\/2022\/10\/Logo-River-Sea.png","width":256,"height":154,"caption":"Ma\u0142e \u017bywcza\u0144skie"},"image":{"@id":"https:\/\/malezywczanskie.com\/#\/schema\/logo\/image\/"},"sameAs":["https:\/\/www.facebook.com\/riverseaapartamenty"]}]}},"_links":{"self":[{"href":"https:\/\/malezywczanskie.com\/de\/wp-json\/wp\/v2\/pages\/1287","targetHints":{"allow":["GET"]}}],"collection":[{"href":"https:\/\/malezywczanskie.com\/de\/wp-json\/wp\/v2\/pages"}],"about":[{"href":"https:\/\/malezywczanskie.com\/de\/wp-json\/wp\/v2\/types\/page"}],"author":[{"embeddable":true,"href":"https:\/\/malezywczanskie.com\/de\/wp-json\/wp\/v2\/users\/3"}],"replies":[{"embeddable":true,"href":"https:\/\/malezywczanskie.com\/de\/wp-json\/wp\/v2\/comments?post=1287"}],"version-history":[{"count":10,"href":"https:\/\/malezywczanskie.com\/de\/wp-json\/wp\/v2\/pages\/1287\/revisions"}],"predecessor-version":[{"id":1476,"href":"https:\/\/malezywczanskie.com\/de\/wp-json\/wp\/v2\/pages\/1287\/revisions\/1476"}],"wp:featuredmedia":[{"embeddable":true,"href":"https:\/\/malezywczanskie.com\/de\/wp-json\/wp\/v2\/media\/1359"}],"wp:attachment":[{"href":"https:\/\/malezywczanskie.com\/de\/wp-json\/wp\/v2\/media?parent=1287"}],"curies":[{"name":"wp","href":"https:\/\/api.w.org\/{rel}","templated":true}]}}