{"id":1280,"date":"2024-03-19T14:25:26","date_gmt":"2024-03-19T13:25:26","guid":{"rendered":"https:\/\/szablon.nfhotel.usermd.net\/?page_id=1280"},"modified":"2025-04-02T14:56:22","modified_gmt":"2025-04-02T12:56:22","slug":"wellness","status":"publish","type":"page","link":"https:\/\/malezywczanskie.com\/en\/wellness\/","title":{"rendered":"Wellness"},"content":{"rendered":"","protected":false},"excerpt":{"rendered":"","protected":false},"author":3,"featured_media":1461,"parent":0,"menu_order":0,"comment_status":"closed","ping_status":"closed","template":"","meta":{"_acf_changed":false,"footnotes":""},"class_list":["post-1280","page","type-page","status-publish","has-post-thumbnail","hentry"],"acf":[],"yoast_head":"<!-- This site is optimized with the Yoast SEO plugin v24.7 - https:\/\/yoast.com\/wordpress\/plugins\/seo\/ -->\n<title>Ma\u0142e \u017bywcza\u0144skie - Luksusowe apartamenty w centrum Zakopanego<\/title>\n<meta name=\"robots\" content=\"index, follow, max-snippet:-1, max-image-preview:large, max-video-preview:-1\" \/>\n<link rel=\"canonical\" href=\"https:\/\/malezywczanskie.com\/en\/wellness\/\" \/>\n<meta property=\"og:locale\" content=\"en_GB\" \/>\n<meta property=\"og:type\" content=\"article\" \/>\n<meta property=\"og:title\" content=\"Ma\u0142e \u017bywcza\u0144skie - Luksusowe apartamenty w centrum Zakopanego\" \/>\n<meta property=\"og:url\" content=\"https:\/\/malezywczanskie.com\/en\/wellness\/\" \/>\n<meta property=\"og:site_name\" content=\"Ma\u0142e \u017bywcza\u0144skie\" \/>\n<meta property=\"article:publisher\" content=\"https:\/\/www.facebook.com\/riverseaapartamenty\" \/>\n<meta property=\"article:modified_time\" content=\"2025-04-02T12:56:22+00:00\" \/>\n<meta property=\"og:image\" content=\"https:\/\/malezywczanskie.com\/wp-content\/uploads\/2025\/04\/sauna-1.png\" \/>\n\t<meta property=\"og:image:width\" content=\"1366\" \/>\n\t<meta property=\"og:image:height\" content=\"768\" \/>\n\t<meta property=\"og:image:type\" content=\"image\/png\" \/>\n<meta name=\"twitter:card\" content=\"summary_large_image\" \/>\n<meta name=\"twitter:label1\" content=\"Estimated reading time\" \/>\n\t<meta name=\"twitter:data1\" content=\"2 minutes\" \/>\n<script type=\"application\/ld+json\" class=\"yoast-schema-graph\">{\"@context\":\"https:\/\/schema.org\",\"@graph\":[{\"@type\":\"WebPage\",\"@id\":\"https:\/\/malezywczanskie.com\/wellness\/\",\"url\":\"https:\/\/malezywczanskie.com\/wellness\/\",\"name\":\"Ma\u0142e \u017bywcza\u0144skie - Luksusowe apartamenty w centrum Zakopanego\",\"isPartOf\":{\"@id\":\"https:\/\/malezywczanskie.com\/#website\"},\"primaryImageOfPage\":{\"@id\":\"https:\/\/malezywczanskie.com\/wellness\/#primaryimage\"},\"image\":{\"@id\":\"https:\/\/malezywczanskie.com\/wellness\/#primaryimage\"},\"thumbnailUrl\":\"https:\/\/malezywczanskie.com\/wp-content\/uploads\/2025\/04\/sauna-1.png\",\"datePublished\":\"2024-03-19T13:25:26+00:00\",\"dateModified\":\"2025-04-02T12:56:22+00:00\",\"breadcrumb\":{\"@id\":\"https:\/\/malezywczanskie.com\/wellness\/#breadcrumb\"},\"inLanguage\":\"en-GB\",\"potentialAction\":[{\"@type\":\"ReadAction\",\"target\":[\"https:\/\/malezywczanskie.com\/wellness\/\"]}]},{\"@type\":\"ImageObject\",\"inLanguage\":\"en-GB\",\"@id\":\"https:\/\/malezywczanskie.com\/wellness\/#primaryimage\",\"url\":\"https:\/\/malezywczanskie.com\/wp-content\/uploads\/2025\/04\/sauna-1.png\",\"contentUrl\":\"https:\/\/malezywczanskie.com\/wp-content\/uploads\/2025\/04\/sauna-1.png\",\"width\":1366,\"height\":768},{\"@type\":\"BreadcrumbList\",\"@id\":\"https:\/\/malezywczanskie.com\/wellness\/#breadcrumb\",\"itemListElement\":[{\"@type\":\"ListItem\",\"position\":1,\"name\":\"Strona g\u0142\u00f3wna\",\"item\":\"https:\/\/malezywczanskie.com\/\"},{\"@type\":\"ListItem\",\"position\":2,\"name\":\"Wellness\"}]},{\"@type\":\"WebSite\",\"@id\":\"https:\/\/malezywczanskie.com\/#website\",\"url\":\"https:\/\/malezywczanskie.com\/\",\"name\":\"Ma\u0142e \u017bywcza\u0144skie\",\"description\":\"Luksusowe apartamenty w centrum Zakopanego\",\"publisher\":{\"@id\":\"https:\/\/malezywczanskie.com\/#organization\"},\"potentialAction\":[{\"@type\":\"SearchAction\",\"target\":{\"@type\":\"EntryPoint\",\"urlTemplate\":\"https:\/\/malezywczanskie.com\/?s={search_term_string}\"},\"query-input\":{\"@type\":\"PropertyValueSpecification\",\"valueRequired\":true,\"valueName\":\"search_term_string\"}}],\"inLanguage\":\"en-GB\"},{\"@type\":\"Organization\",\"@id\":\"https:\/\/malezywczanskie.com\/#organization\",\"name\":\"Ma\u0142e \u017bywcza\u0144skie\",\"url\":\"https:\/\/malezywczanskie.com\/\",\"logo\":{\"@type\":\"ImageObject\",\"inLanguage\":\"en-GB\",\"@id\":\"https:\/\/malezywczanskie.com\/#\/schema\/logo\/image\/\",\"url\":\"https:\/\/szablon.nfhotel.usermd.net\/wp-content\/uploads\/2022\/10\/Logo-River-Sea.png\",\"contentUrl\":\"https:\/\/szablon.nfhotel.usermd.net\/wp-content\/uploads\/2022\/10\/Logo-River-Sea.png\",\"width\":256,\"height\":154,\"caption\":\"Ma\u0142e \u017bywcza\u0144skie\"},\"image\":{\"@id\":\"https:\/\/malezywczanskie.com\/#\/schema\/logo\/image\/\"},\"sameAs\":[\"https:\/\/www.facebook.com\/riverseaapartamenty\"]}]}<\/script>\n<!-- \/ Yoast SEO plugin. -->","yoast_head_json":{"title":"Ma\u0142e \u017bywcza\u0144skie - Luksusowe apartamenty w centrum Zakopanego","robots":{"index":"index","follow":"follow","max-snippet":"max-snippet:-1","max-image-preview":"max-image-preview:large","max-video-preview":"max-video-preview:-1"},"canonical":"https:\/\/malezywczanskie.com\/en\/wellness\/","og_locale":"en_GB","og_type":"article","og_title":"Ma\u0142e \u017bywcza\u0144skie - Luksusowe apartamenty w centrum Zakopanego","og_url":"https:\/\/malezywczanskie.com\/en\/wellness\/","og_site_name":"Ma\u0142e \u017bywcza\u0144skie","article_publisher":"https:\/\/www.facebook.com\/riverseaapartamenty","article_modified_time":"2025-04-02T12:56:22+00:00","og_image":[{"width":1366,"height":768,"url":"https:\/\/malezywczanskie.com\/wp-content\/uploads\/2025\/04\/sauna-1.png","type":"image\/png"}],"twitter_card":"summary_large_image","twitter_misc":{"Estimated reading time":"2 minutes"},"schema":{"@context":"https:\/\/schema.org","@graph":[{"@type":"WebPage","@id":"https:\/\/malezywczanskie.com\/wellness\/","url":"https:\/\/malezywczanskie.com\/wellness\/","name":"Ma\u0142e \u017bywcza\u0144skie - Luksusowe apartamenty w centrum Zakopanego","isPartOf":{"@id":"https:\/\/malezywczanskie.com\/#website"},"primaryImageOfPage":{"@id":"https:\/\/malezywczanskie.com\/wellness\/#primaryimage"},"image":{"@id":"https:\/\/malezywczanskie.com\/wellness\/#primaryimage"},"thumbnailUrl":"https:\/\/malezywczanskie.com\/wp-content\/uploads\/2025\/04\/sauna-1.png","datePublished":"2024-03-19T13:25:26+00:00","dateModified":"2025-04-02T12:56:22+00:00","breadcrumb":{"@id":"https:\/\/malezywczanskie.com\/wellness\/#breadcrumb"},"inLanguage":"en-GB","potentialAction":[{"@type":"ReadAction","target":["https:\/\/malezywczanskie.com\/wellness\/"]}]},{"@type":"ImageObject","inLanguage":"en-GB","@id":"https:\/\/malezywczanskie.com\/wellness\/#primaryimage","url":"https:\/\/malezywczanskie.com\/wp-content\/uploads\/2025\/04\/sauna-1.png","contentUrl":"https:\/\/malezywczanskie.com\/wp-content\/uploads\/2025\/04\/sauna-1.png","width":1366,"height":768},{"@type":"BreadcrumbList","@id":"https:\/\/malezywczanskie.com\/wellness\/#breadcrumb","itemListElement":[{"@type":"ListItem","position":1,"name":"Strona g\u0142\u00f3wna","item":"https:\/\/malezywczanskie.com\/"},{"@type":"ListItem","position":2,"name":"Wellness"}]},{"@type":"WebSite","@id":"https:\/\/malezywczanskie.com\/#website","url":"https:\/\/malezywczanskie.com\/","name":"Ma\u0142e \u017bywcza\u0144skie","description":"Luksusowe apartamenty w centrum Zakopanego","publisher":{"@id":"https:\/\/malezywczanskie.com\/#organization"},"potentialAction":[{"@type":"SearchAction","target":{"@type":"EntryPoint","urlTemplate":"https:\/\/malezywczanskie.com\/?s={search_term_string}"},"query-input":{"@type":"PropertyValueSpecification","valueRequired":true,"valueName":"search_term_string"}}],"inLanguage":"en-GB"},{"@type":"Organization","@id":"https:\/\/malezywczanskie.com\/#organization","name":"Ma\u0142e \u017bywcza\u0144skie","url":"https:\/\/malezywczanskie.com\/","logo":{"@type":"ImageObject","inLanguage":"en-GB","@id":"https:\/\/malezywczanskie.com\/#\/schema\/logo\/image\/","url":"https:\/\/szablon.nfhotel.usermd.net\/wp-content\/uploads\/2022\/10\/Logo-River-Sea.png","contentUrl":"https:\/\/szablon.nfhotel.usermd.net\/wp-content\/uploads\/2022\/10\/Logo-River-Sea.png","width":256,"height":154,"caption":"Ma\u0142e \u017bywcza\u0144skie"},"image":{"@id":"https:\/\/malezywczanskie.com\/#\/schema\/logo\/image\/"},"sameAs":["https:\/\/www.facebook.com\/riverseaapartamenty"]}]}},"_links":{"self":[{"href":"https:\/\/malezywczanskie.com\/en\/wp-json\/wp\/v2\/pages\/1280","targetHints":{"allow":["GET"]}}],"collection":[{"href":"https:\/\/malezywczanskie.com\/en\/wp-json\/wp\/v2\/pages"}],"about":[{"href":"https:\/\/malezywczanskie.com\/en\/wp-json\/wp\/v2\/types\/page"}],"author":[{"embeddable":true,"href":"https:\/\/malezywczanskie.com\/en\/wp-json\/wp\/v2\/users\/3"}],"replies":[{"embeddable":true,"href":"https:\/\/malezywczanskie.com\/en\/wp-json\/wp\/v2\/comments?post=1280"}],"version-history":[{"count":1,"href":"https:\/\/malezywczanskie.com\/en\/wp-json\/wp\/v2\/pages\/1280\/revisions"}],"predecessor-version":[{"id":1281,"href":"https:\/\/malezywczanskie.com\/en\/wp-json\/wp\/v2\/pages\/1280\/revisions\/1281"}],"wp:featuredmedia":[{"embeddable":true,"href":"https:\/\/malezywczanskie.com\/en\/wp-json\/wp\/v2\/media\/1461"}],"wp:attachment":[{"href":"https:\/\/malezywczanskie.com\/en\/wp-json\/wp\/v2\/media?parent=1280"}],"curies":[{"name":"wp","href":"https:\/\/api.w.org\/{rel}","templated":true}]}}